{"id":22,"date":"2022-03-08T12:40:44","date_gmt":"2022-03-08T12:40:44","guid":{"rendered":"https:\/\/dev.net-vision.cz\/vizitka\/?page_id=22"},"modified":"2022-04-01T20:55:35","modified_gmt":"2022-04-01T20:55:35","slug":"dku-a-s","status":"publish","type":"page","link":"https:\/\/www.dku-as.cz\/","title":{"rendered":"DK\u00da a.s."},"content":{"rendered":"","protected":false},"excerpt":{"rendered":"","protected":false},"author":1,"featured_media":0,"parent":0,"menu_order":0,"comment_status":"closed","ping_status":"closed","template":"","meta":{"footnotes":""},"class_list":["post-22","page","type-page","status-publish","hentry"],"yoast_head":"<!-- This site is optimized with the Yoast SEO plugin v25.6 - https:\/\/yoast.com\/wordpress\/plugins\/seo\/ -->\n<title>Pron\u00e1jem nemovitost\u00ed a spr\u00e1va pohled\u00e1vek - DK\u00da a.s.<\/title>\n<meta name=\"description\" content=\"Spole\u010dnost se zab\u00fdv\u00e1 spr\u00e1vou pohled\u00e1vek ve v\u00fdrobn\u00ed oblasti (spole\u010dnost vznikla 9.kv\u011btna 1996 a je vedena u M\u011bstsk\u00e9ho soudu v Praze odd\u00edl B, vlo\u017eka 3978).\" \/>\n<meta name=\"robots\" content=\"index, follow, max-snippet:-1, max-image-preview:large, max-video-preview:-1\" \/>\n<link rel=\"canonical\" href=\"https:\/\/www.dku-as.cz\/\" \/>\n<meta property=\"og:locale\" content=\"cs_CZ\" \/>\n<meta property=\"og:type\" content=\"article\" \/>\n<meta property=\"og:title\" content=\"Pron\u00e1jem nemovitost\u00ed a spr\u00e1va pohled\u00e1vek - DK\u00da a.s.\" \/>\n<meta property=\"og:description\" content=\"Spole\u010dnost se zab\u00fdv\u00e1 spr\u00e1vou pohled\u00e1vek ve v\u00fdrobn\u00ed oblasti (spole\u010dnost vznikla 9.kv\u011btna 1996 a je vedena u M\u011bstsk\u00e9ho soudu v Praze odd\u00edl B, vlo\u017eka 3978).\" \/>\n<meta property=\"og:url\" content=\"https:\/\/www.dku-as.cz\/\" \/>\n<meta property=\"og:site_name\" content=\"DKU - vizitka\" \/>\n<meta property=\"article:modified_time\" content=\"2022-04-01T20:55:35+00:00\" \/>\n<meta name=\"twitter:card\" content=\"summary_large_image\" \/>\n<script type=\"application\/ld+json\" class=\"yoast-schema-graph\">{\"@context\":\"https:\/\/schema.org\",\"@graph\":[{\"@type\":\"WebPage\",\"@id\":\"https:\/\/www.dku-as.cz\/\",\"url\":\"https:\/\/www.dku-as.cz\/\",\"name\":\"Pron\u00e1jem nemovitost\u00ed a spr\u00e1va pohled\u00e1vek - DK\u00da a.s.\",\"isPartOf\":{\"@id\":\"https:\/\/www.dku-as.cz\/#website\"},\"datePublished\":\"2022-03-08T12:40:44+00:00\",\"dateModified\":\"2022-04-01T20:55:35+00:00\",\"description\":\"Spole\u010dnost se zab\u00fdv\u00e1 spr\u00e1vou pohled\u00e1vek ve v\u00fdrobn\u00ed oblasti (spole\u010dnost vznikla 9.kv\u011btna 1996 a je vedena u M\u011bstsk\u00e9ho soudu v Praze odd\u00edl B, vlo\u017eka 3978).\",\"breadcrumb\":{\"@id\":\"https:\/\/www.dku-as.cz\/#breadcrumb\"},\"inLanguage\":\"cs\",\"potentialAction\":[{\"@type\":\"ReadAction\",\"target\":[\"https:\/\/www.dku-as.cz\/\"]}]},{\"@type\":\"BreadcrumbList\",\"@id\":\"https:\/\/www.dku-as.cz\/#breadcrumb\",\"itemListElement\":[{\"@type\":\"ListItem\",\"position\":1,\"name\":\"Dom\u016f\",\"item\":\"https:\/\/www.dku-as.cz\/\"},{\"@type\":\"ListItem\",\"position\":2,\"name\":\"DK\u00da a.s.\"}]},{\"@type\":\"WebSite\",\"@id\":\"https:\/\/www.dku-as.cz\/#website\",\"url\":\"https:\/\/www.dku-as.cz\/\",\"name\":\"DKU - vizitka\",\"description\":\"Just another WordPress site\",\"potentialAction\":[{\"@type\":\"SearchAction\",\"target\":{\"@type\":\"EntryPoint\",\"urlTemplate\":\"https:\/\/www.dku-as.cz\/?s={search_term_string}\"},\"query-input\":{\"@type\":\"PropertyValueSpecification\",\"valueRequired\":true,\"valueName\":\"search_term_string\"}}],\"inLanguage\":\"cs\"}]}<\/script>\n<!-- \/ Yoast SEO plugin. -->","yoast_head_json":{"title":"Pron\u00e1jem nemovitost\u00ed a spr\u00e1va pohled\u00e1vek - DK\u00da a.s.","description":"Spole\u010dnost se zab\u00fdv\u00e1 spr\u00e1vou pohled\u00e1vek ve v\u00fdrobn\u00ed oblasti (spole\u010dnost vznikla 9.kv\u011btna 1996 a je vedena u M\u011bstsk\u00e9ho soudu v Praze odd\u00edl B, vlo\u017eka 3978).","robots":{"index":"index","follow":"follow","max-snippet":"max-snippet:-1","max-image-preview":"max-image-preview:large","max-video-preview":"max-video-preview:-1"},"canonical":"https:\/\/www.dku-as.cz\/","og_locale":"cs_CZ","og_type":"article","og_title":"Pron\u00e1jem nemovitost\u00ed a spr\u00e1va pohled\u00e1vek - DK\u00da a.s.","og_description":"Spole\u010dnost se zab\u00fdv\u00e1 spr\u00e1vou pohled\u00e1vek ve v\u00fdrobn\u00ed oblasti (spole\u010dnost vznikla 9.kv\u011btna 1996 a je vedena u M\u011bstsk\u00e9ho soudu v Praze odd\u00edl B, vlo\u017eka 3978).","og_url":"https:\/\/www.dku-as.cz\/","og_site_name":"DKU - vizitka","article_modified_time":"2022-04-01T20:55:35+00:00","twitter_card":"summary_large_image","schema":{"@context":"https:\/\/schema.org","@graph":[{"@type":"WebPage","@id":"https:\/\/www.dku-as.cz\/","url":"https:\/\/www.dku-as.cz\/","name":"Pron\u00e1jem nemovitost\u00ed a spr\u00e1va pohled\u00e1vek - DK\u00da a.s.","isPartOf":{"@id":"https:\/\/www.dku-as.cz\/#website"},"datePublished":"2022-03-08T12:40:44+00:00","dateModified":"2022-04-01T20:55:35+00:00","description":"Spole\u010dnost se zab\u00fdv\u00e1 spr\u00e1vou pohled\u00e1vek ve v\u00fdrobn\u00ed oblasti (spole\u010dnost vznikla 9.kv\u011btna 1996 a je vedena u M\u011bstsk\u00e9ho soudu v Praze odd\u00edl B, vlo\u017eka 3978).","breadcrumb":{"@id":"https:\/\/www.dku-as.cz\/#breadcrumb"},"inLanguage":"cs","potentialAction":[{"@type":"ReadAction","target":["https:\/\/www.dku-as.cz\/"]}]},{"@type":"BreadcrumbList","@id":"https:\/\/www.dku-as.cz\/#breadcrumb","itemListElement":[{"@type":"ListItem","position":1,"name":"Dom\u016f","item":"https:\/\/www.dku-as.cz\/"},{"@type":"ListItem","position":2,"name":"DK\u00da a.s."}]},{"@type":"WebSite","@id":"https:\/\/www.dku-as.cz\/#website","url":"https:\/\/www.dku-as.cz\/","name":"DKU - vizitka","description":"Just another WordPress site","potentialAction":[{"@type":"SearchAction","target":{"@type":"EntryPoint","urlTemplate":"https:\/\/www.dku-as.cz\/?s={search_term_string}"},"query-input":{"@type":"PropertyValueSpecification","valueRequired":true,"valueName":"search_term_string"}}],"inLanguage":"cs"}]}},"_links":{"self":[{"href":"https:\/\/www.dku-as.cz\/index.php\/wp-json\/wp\/v2\/pages\/22","targetHints":{"allow":["GET"]}}],"collection":[{"href":"https:\/\/www.dku-as.cz\/index.php\/wp-json\/wp\/v2\/pages"}],"about":[{"href":"https:\/\/www.dku-as.cz\/index.php\/wp-json\/wp\/v2\/types\/page"}],"author":[{"embeddable":true,"href":"https:\/\/www.dku-as.cz\/index.php\/wp-json\/wp\/v2\/users\/1"}],"replies":[{"embeddable":true,"href":"https:\/\/www.dku-as.cz\/index.php\/wp-json\/wp\/v2\/comments?post=22"}],"version-history":[{"count":1,"href":"https:\/\/www.dku-as.cz\/index.php\/wp-json\/wp\/v2\/pages\/22\/revisions"}],"predecessor-version":[{"id":23,"href":"https:\/\/www.dku-as.cz\/index.php\/wp-json\/wp\/v2\/pages\/22\/revisions\/23"}],"wp:attachment":[{"href":"https:\/\/www.dku-as.cz\/index.php\/wp-json\/wp\/v2\/media?parent=22"}],"curies":[{"name":"wp","href":"https:\/\/api.w.org\/{rel}","templated":true}]}}